{"id":312,"date":"2022-10-14T20:54:04","date_gmt":"2022-10-14T18:54:04","guid":{"rendered":"https:\/\/plantacjatruskawek.com.pl\/o-nas\/"},"modified":"2022-11-22T23:36:33","modified_gmt":"2022-11-22T22:36:33","slug":"ueber-uns","status":"publish","type":"page","link":"https:\/\/plantacjatruskawek.com.pl\/de\/ueber-uns\/","title":{"rendered":"\u00dcber uns"},"content":{"rendered":"<div class=\"fusion-fullwidth fullwidth-box fusion-builder-row-1 fusion-flex-container nonhundred-percent-fullwidth non-hundred-percent-height-scrolling\" style=\"background-color: rgba(255,255,255,0);background-position: center center;background-repeat: no-repeat;border-width: 0px 0px 0px 0px;border-color:var(--awb-color3);border-style:solid;\" ><div class=\"fusion-builder-row fusion-row fusion-flex-align-items-flex-start\" style=\"max-width:1248px;margin-left: calc(-4% \/ 2 );margin-right: calc(-4% \/ 2 );\"><div class=\"fusion-layout-column fusion_builder_column fusion-builder-column-0 fusion_builder_column_1_1 1_1 fusion-flex-column\"><div class=\"fusion-column-wrapper fusion-flex-justify-content-flex-start fusion-content-layout-column\" style=\"background-position:left top;background-repeat:no-repeat;-webkit-background-size:cover;-moz-background-size:cover;-o-background-size:cover;background-size:cover;padding: 0px 0px 0px 0px;\"><div class=\"fusion-text fusion-text-1\"><p><strong><img decoding=\"async\" class=\"lazyload alignright wp-image-138 size-fusion-600\" src=\"https:\/\/plantacjatruskawek.com.pl\/wp-content\/uploads\/2022\/10\/TRUSKAWKI-32-1-600x400.jpg\" data-orig-src=\"https:\/\/plantacjatruskawek.com.pl\/wp-content\/uploads\/2022\/10\/TRUSKAWKI-32-1-600x400.jpg\" alt=\"\" width=\"500\" srcset=\"data:image\/gif;base64,R0lGODlhAQABAAAAACH5BAEKAAEALAAAAAABAAEAAAICTAEAOw==\" data-srcset=\"https:\/\/plantacjatruskawek.com.pl\/wp-content\/uploads\/2022\/10\/TRUSKAWKI-32-1-200x133.jpg 200w, https:\/\/plantacjatruskawek.com.pl\/wp-content\/uploads\/2022\/10\/TRUSKAWKI-32-1-300x200.jpg 300w, https:\/\/plantacjatruskawek.com.pl\/wp-content\/uploads\/2022\/10\/TRUSKAWKI-32-1-400x267.jpg 400w, https:\/\/plantacjatruskawek.com.pl\/wp-content\/uploads\/2022\/10\/TRUSKAWKI-32-1-600x400.jpg 600w, https:\/\/plantacjatruskawek.com.pl\/wp-content\/uploads\/2022\/10\/TRUSKAWKI-32-1-768x512.jpg 768w, https:\/\/plantacjatruskawek.com.pl\/wp-content\/uploads\/2022\/10\/TRUSKAWKI-32-1-800x533.jpg 800w, https:\/\/plantacjatruskawek.com.pl\/wp-content\/uploads\/2022\/10\/TRUSKAWKI-32-1-1024x682.jpg 1024w, https:\/\/plantacjatruskawek.com.pl\/wp-content\/uploads\/2022\/10\/TRUSKAWKI-32-1-1200x800.jpg 1200w, https:\/\/plantacjatruskawek.com.pl\/wp-content\/uploads\/2022\/10\/TRUSKAWKI-32-1-1536x1024.jpg 1536w\" data-sizes=\"auto\" data-orig-sizes=\"(max-width: 600px) 100vw, 600px\" \/><\/strong><\/p>\n<p>Unser Traum, gesundes und schmackhaftes Obst anzubieten, hat uns dazu bewogen, eine Erdbeerplantage in Zatorzu gr\u00fcnden. Unsere T\u00e4tigkeit wird st\u00e4ndig von dem Slogan \u201eDu bist, was du isst\u201c begleitet, dank dem wir verantwortungsbewusst und zuverl\u00e4ssig mit dem Anbau umgehen. Bei der Verwendung von D\u00fcnge- und Pflanzenschutzmitteln befolgen wir die strengsten Standards und setzen haupts\u00e4chlich auf biologische Methoden zur Bek\u00e4mpfung von Krankheiten und Sch\u00e4dlingen<\/p>\n<p><strong>Die Plantage wird mit modernsten Technologien gef\u00fchrt, die eine pr\u00e4zise Pflege jedes Setzlings und jeder Frucht erm\u00f6glichen.<\/strong><\/p>\n<p>Der Anbau erfolgt in Rinnen unter Folien\u00fcberdachungen, was eine schnellere Fruchtreife und optimale Bedingungen ohne sch\u00e4dliche Witterungseinfl\u00fcsse sowie eine effiziente Bel\u00fcftung erm\u00f6glicht. Dies alles f\u00fchrt zu weniger Problemen mit Pilzkrankheiten, wodurch der Einsatz von Pflanzenschutzmitteln reduziert werden kann.<\/p>\n<p>Die Bew\u00e4sserung und D\u00fcngung erfolgt \u00fcber Kapillaren und ist computergesteuert. Dank dessen sind wir sicher, dass die Setzlinge genau so viele Inhaltsstoffe erhalten, wie sie ben\u00f6tigen.<\/p>\n<p><strong>Unser geschultes Team tr\u00e4gt auch dazu bei, dass sich die bereits gepfl\u00fcckten Erdbeeren mit der h\u00f6chsten Qualit\u00e4t auszeichnen k\u00f6nnen.<\/strong><\/p>\n<\/div><\/div><style type=\"text\/css\">.fusion-body .fusion-builder-column-0{width:100% !important;margin-top : 0px;margin-bottom : 0px;}.fusion-builder-column-0 > .fusion-column-wrapper {padding-top : 0px !important;padding-right : 0px !important;margin-right : 1.92%;padding-bottom : 0px !important;padding-left : 0px !important;margin-left : 1.92%;}@media only screen and (max-width:1024px) {.fusion-body .fusion-builder-column-0{width:100% !important;}.fusion-builder-column-0 > .fusion-column-wrapper {margin-right : 1.92%;margin-left : 1.92%;}}@media only screen and (max-width:640px) {.fusion-body .fusion-builder-column-0{width:100% !important;}.fusion-builder-column-0 > .fusion-column-wrapper {margin-right : 1.92%;margin-left : 1.92%;}}<\/style><\/div><\/div><style type=\"text\/css\">.fusion-body .fusion-flex-container.fusion-builder-row-1{ padding-top : 0px;margin-top : 0px;padding-right : 0px;padding-bottom : 0px;margin-bottom : 0px;padding-left : 0px;}<\/style><\/div>\n","protected":false},"excerpt":{"rendered":"","protected":false},"author":1,"featured_media":0,"parent":0,"menu_order":0,"comment_status":"closed","ping_status":"closed","template":"100-width.php","meta":{"footnotes":""},"class_list":["post-312","page","type-page","status-publish","hentry"],"yoast_head":"<!-- This site is optimized with the Yoast SEO plugin v27.3 - https:\/\/yoast.com\/product\/yoast-seo-wordpress\/ -->\n<title>\u00dcber uns - Plantacja Truskawek<\/title>\n<meta name=\"robots\" content=\"index, follow, max-snippet:-1, max-image-preview:large, max-video-preview:-1\" \/>\n<link rel=\"canonical\" href=\"https:\/\/plantacjatruskawek.com.pl\/de\/ueber-uns\/\" \/>\n<meta property=\"og:locale\" content=\"de_DE\" \/>\n<meta property=\"og:type\" content=\"article\" \/>\n<meta property=\"og:title\" content=\"\u00dcber uns - Plantacja Truskawek\" \/>\n<meta property=\"og:url\" content=\"https:\/\/plantacjatruskawek.com.pl\/de\/ueber-uns\/\" \/>\n<meta property=\"og:site_name\" content=\"Plantacja Truskawek\" \/>\n<meta property=\"article:publisher\" content=\"https:\/\/www.facebook.com\/truskawkizator\" \/>\n<meta property=\"article:modified_time\" content=\"2022-11-22T22:36:33+00:00\" \/>\n<meta property=\"og:image\" content=\"https:\/\/plantacjatruskawek.com.pl\/wp-content\/uploads\/2022\/10\/TRUSKAWKI-32-1-600x400.jpg\" \/>\n<meta name=\"twitter:card\" content=\"summary_large_image\" \/>\n<meta name=\"twitter:label1\" content=\"Gesch\u00e4tzte Lesezeit\" \/>\n\t<meta name=\"twitter:data1\" content=\"2\u00a0Minuten\" \/>\n<script type=\"application\/ld+json\" class=\"yoast-schema-graph\">{\"@context\":\"https:\\\/\\\/schema.org\",\"@graph\":[{\"@type\":\"WebPage\",\"@id\":\"https:\\\/\\\/plantacjatruskawek.com.pl\\\/de\\\/ueber-uns\\\/\",\"url\":\"https:\\\/\\\/plantacjatruskawek.com.pl\\\/de\\\/ueber-uns\\\/\",\"name\":\"\u00dcber uns - Plantacja Truskawek\",\"isPartOf\":{\"@id\":\"https:\\\/\\\/plantacjatruskawek.com.pl\\\/#website\"},\"primaryImageOfPage\":{\"@id\":\"https:\\\/\\\/plantacjatruskawek.com.pl\\\/de\\\/ueber-uns\\\/#primaryimage\"},\"image\":{\"@id\":\"https:\\\/\\\/plantacjatruskawek.com.pl\\\/de\\\/ueber-uns\\\/#primaryimage\"},\"thumbnailUrl\":\"https:\\\/\\\/plantacjatruskawek.com.pl\\\/wp-content\\\/uploads\\\/2022\\\/10\\\/TRUSKAWKI-32-1-600x400.jpg\",\"datePublished\":\"2022-10-14T18:54:04+00:00\",\"dateModified\":\"2022-11-22T22:36:33+00:00\",\"breadcrumb\":{\"@id\":\"https:\\\/\\\/plantacjatruskawek.com.pl\\\/de\\\/ueber-uns\\\/#breadcrumb\"},\"inLanguage\":\"de\",\"potentialAction\":[{\"@type\":\"ReadAction\",\"target\":[\"https:\\\/\\\/plantacjatruskawek.com.pl\\\/de\\\/ueber-uns\\\/\"]}]},{\"@type\":\"ImageObject\",\"inLanguage\":\"de\",\"@id\":\"https:\\\/\\\/plantacjatruskawek.com.pl\\\/de\\\/ueber-uns\\\/#primaryimage\",\"url\":\"https:\\\/\\\/plantacjatruskawek.com.pl\\\/wp-content\\\/uploads\\\/2022\\\/10\\\/TRUSKAWKI-32-1-600x400.jpg\",\"contentUrl\":\"https:\\\/\\\/plantacjatruskawek.com.pl\\\/wp-content\\\/uploads\\\/2022\\\/10\\\/TRUSKAWKI-32-1-600x400.jpg\"},{\"@type\":\"BreadcrumbList\",\"@id\":\"https:\\\/\\\/plantacjatruskawek.com.pl\\\/de\\\/ueber-uns\\\/#breadcrumb\",\"itemListElement\":[{\"@type\":\"ListItem\",\"position\":1,\"name\":\"Strona g\u0142\u00f3wna\",\"item\":\"https:\\\/\\\/plantacjatruskawek.com.pl\\\/de\\\/\"},{\"@type\":\"ListItem\",\"position\":2,\"name\":\"\u00dcber uns\"}]},{\"@type\":\"WebSite\",\"@id\":\"https:\\\/\\\/plantacjatruskawek.com.pl\\\/#website\",\"url\":\"https:\\\/\\\/plantacjatruskawek.com.pl\\\/\",\"name\":\"Plantacja Truskawek\",\"description\":\"\",\"publisher\":{\"@id\":\"https:\\\/\\\/plantacjatruskawek.com.pl\\\/#organization\"},\"potentialAction\":[{\"@type\":\"SearchAction\",\"target\":{\"@type\":\"EntryPoint\",\"urlTemplate\":\"https:\\\/\\\/plantacjatruskawek.com.pl\\\/?s={search_term_string}\"},\"query-input\":{\"@type\":\"PropertyValueSpecification\",\"valueRequired\":true,\"valueName\":\"search_term_string\"}}],\"inLanguage\":\"de\"},{\"@type\":\"Organization\",\"@id\":\"https:\\\/\\\/plantacjatruskawek.com.pl\\\/#organization\",\"name\":\"Plantacja Truskawek\",\"url\":\"https:\\\/\\\/plantacjatruskawek.com.pl\\\/\",\"logo\":{\"@type\":\"ImageObject\",\"inLanguage\":\"de\",\"@id\":\"https:\\\/\\\/plantacjatruskawek.com.pl\\\/#\\\/schema\\\/logo\\\/image\\\/\",\"url\":\"https:\\\/\\\/plantacjatruskawek.com.pl\\\/wp-content\\\/uploads\\\/2022\\\/10\\\/PLANTACJA-TRUSKAWEK-favicon.png\",\"contentUrl\":\"https:\\\/\\\/plantacjatruskawek.com.pl\\\/wp-content\\\/uploads\\\/2022\\\/10\\\/PLANTACJA-TRUSKAWEK-favicon.png\",\"width\":144,\"height\":144,\"caption\":\"Plantacja Truskawek\"},\"image\":{\"@id\":\"https:\\\/\\\/plantacjatruskawek.com.pl\\\/#\\\/schema\\\/logo\\\/image\\\/\"},\"sameAs\":[\"https:\\\/\\\/www.facebook.com\\\/truskawkizator\",\"https:\\\/\\\/www.instagram.com\\\/truskawkizator\\\/\"]}]}<\/script>\n<!-- \/ Yoast SEO plugin. -->","yoast_head_json":{"title":"\u00dcber uns - Plantacja Truskawek","robots":{"index":"index","follow":"follow","max-snippet":"max-snippet:-1","max-image-preview":"max-image-preview:large","max-video-preview":"max-video-preview:-1"},"canonical":"https:\/\/plantacjatruskawek.com.pl\/de\/ueber-uns\/","og_locale":"de_DE","og_type":"article","og_title":"\u00dcber uns - Plantacja Truskawek","og_url":"https:\/\/plantacjatruskawek.com.pl\/de\/ueber-uns\/","og_site_name":"Plantacja Truskawek","article_publisher":"https:\/\/www.facebook.com\/truskawkizator","article_modified_time":"2022-11-22T22:36:33+00:00","og_image":[{"url":"https:\/\/plantacjatruskawek.com.pl\/wp-content\/uploads\/2022\/10\/TRUSKAWKI-32-1-600x400.jpg","type":"","width":"","height":""}],"twitter_card":"summary_large_image","twitter_misc":{"Gesch\u00e4tzte Lesezeit":"2\u00a0Minuten"},"schema":{"@context":"https:\/\/schema.org","@graph":[{"@type":"WebPage","@id":"https:\/\/plantacjatruskawek.com.pl\/de\/ueber-uns\/","url":"https:\/\/plantacjatruskawek.com.pl\/de\/ueber-uns\/","name":"\u00dcber uns - Plantacja Truskawek","isPartOf":{"@id":"https:\/\/plantacjatruskawek.com.pl\/#website"},"primaryImageOfPage":{"@id":"https:\/\/plantacjatruskawek.com.pl\/de\/ueber-uns\/#primaryimage"},"image":{"@id":"https:\/\/plantacjatruskawek.com.pl\/de\/ueber-uns\/#primaryimage"},"thumbnailUrl":"https:\/\/plantacjatruskawek.com.pl\/wp-content\/uploads\/2022\/10\/TRUSKAWKI-32-1-600x400.jpg","datePublished":"2022-10-14T18:54:04+00:00","dateModified":"2022-11-22T22:36:33+00:00","breadcrumb":{"@id":"https:\/\/plantacjatruskawek.com.pl\/de\/ueber-uns\/#breadcrumb"},"inLanguage":"de","potentialAction":[{"@type":"ReadAction","target":["https:\/\/plantacjatruskawek.com.pl\/de\/ueber-uns\/"]}]},{"@type":"ImageObject","inLanguage":"de","@id":"https:\/\/plantacjatruskawek.com.pl\/de\/ueber-uns\/#primaryimage","url":"https:\/\/plantacjatruskawek.com.pl\/wp-content\/uploads\/2022\/10\/TRUSKAWKI-32-1-600x400.jpg","contentUrl":"https:\/\/plantacjatruskawek.com.pl\/wp-content\/uploads\/2022\/10\/TRUSKAWKI-32-1-600x400.jpg"},{"@type":"BreadcrumbList","@id":"https:\/\/plantacjatruskawek.com.pl\/de\/ueber-uns\/#breadcrumb","itemListElement":[{"@type":"ListItem","position":1,"name":"Strona g\u0142\u00f3wna","item":"https:\/\/plantacjatruskawek.com.pl\/de\/"},{"@type":"ListItem","position":2,"name":"\u00dcber uns"}]},{"@type":"WebSite","@id":"https:\/\/plantacjatruskawek.com.pl\/#website","url":"https:\/\/plantacjatruskawek.com.pl\/","name":"Plantacja Truskawek","description":"","publisher":{"@id":"https:\/\/plantacjatruskawek.com.pl\/#organization"},"potentialAction":[{"@type":"SearchAction","target":{"@type":"EntryPoint","urlTemplate":"https:\/\/plantacjatruskawek.com.pl\/?s={search_term_string}"},"query-input":{"@type":"PropertyValueSpecification","valueRequired":true,"valueName":"search_term_string"}}],"inLanguage":"de"},{"@type":"Organization","@id":"https:\/\/plantacjatruskawek.com.pl\/#organization","name":"Plantacja Truskawek","url":"https:\/\/plantacjatruskawek.com.pl\/","logo":{"@type":"ImageObject","inLanguage":"de","@id":"https:\/\/plantacjatruskawek.com.pl\/#\/schema\/logo\/image\/","url":"https:\/\/plantacjatruskawek.com.pl\/wp-content\/uploads\/2022\/10\/PLANTACJA-TRUSKAWEK-favicon.png","contentUrl":"https:\/\/plantacjatruskawek.com.pl\/wp-content\/uploads\/2022\/10\/PLANTACJA-TRUSKAWEK-favicon.png","width":144,"height":144,"caption":"Plantacja Truskawek"},"image":{"@id":"https:\/\/plantacjatruskawek.com.pl\/#\/schema\/logo\/image\/"},"sameAs":["https:\/\/www.facebook.com\/truskawkizator","https:\/\/www.instagram.com\/truskawkizator\/"]}]}},"_links":{"self":[{"href":"https:\/\/plantacjatruskawek.com.pl\/de\/wp-json\/wp\/v2\/pages\/312","targetHints":{"allow":["GET"]}}],"collection":[{"href":"https:\/\/plantacjatruskawek.com.pl\/de\/wp-json\/wp\/v2\/pages"}],"about":[{"href":"https:\/\/plantacjatruskawek.com.pl\/de\/wp-json\/wp\/v2\/types\/page"}],"author":[{"embeddable":true,"href":"https:\/\/plantacjatruskawek.com.pl\/de\/wp-json\/wp\/v2\/users\/1"}],"replies":[{"embeddable":true,"href":"https:\/\/plantacjatruskawek.com.pl\/de\/wp-json\/wp\/v2\/comments?post=312"}],"version-history":[{"count":1,"href":"https:\/\/plantacjatruskawek.com.pl\/de\/wp-json\/wp\/v2\/pages\/312\/revisions"}],"predecessor-version":[{"id":313,"href":"https:\/\/plantacjatruskawek.com.pl\/de\/wp-json\/wp\/v2\/pages\/312\/revisions\/313"}],"wp:attachment":[{"href":"https:\/\/plantacjatruskawek.com.pl\/de\/wp-json\/wp\/v2\/media?parent=312"}],"curies":[{"name":"wp","href":"https:\/\/api.w.org\/{rel}","templated":true}]}}