{"id":318,"date":"2022-10-14T20:53:57","date_gmt":"2022-10-14T18:53:57","guid":{"rendered":"https:\/\/plantacjatruskawek.com.pl\/produkty\/"},"modified":"2022-11-22T23:39:57","modified_gmt":"2022-11-22T22:39:57","slug":"produkte","status":"publish","type":"page","link":"https:\/\/plantacjatruskawek.com.pl\/de\/produkte\/","title":{"rendered":"Produkte"},"content":{"rendered":"<div class=\"fusion-fullwidth fullwidth-box fusion-builder-row-1 fusion-flex-container nonhundred-percent-fullwidth non-hundred-percent-height-scrolling\" style=\"background-color: rgba(255,255,255,0);background-position: center center;background-repeat: no-repeat;border-width: 0px 0px 0px 0px;border-color:var(--awb-color3);border-style:solid;\" ><div class=\"fusion-builder-row fusion-row fusion-flex-align-items-flex-start\" style=\"max-width:1248px;margin-left: calc(-4% \/ 2 );margin-right: calc(-4% \/ 2 );\"><div class=\"fusion-layout-column fusion_builder_column fusion-builder-column-0 fusion_builder_column_1_1 1_1 fusion-flex-column\"><div class=\"fusion-column-wrapper fusion-flex-justify-content-flex-start fusion-content-layout-column\" style=\"background-position:left top;background-repeat:no-repeat;-webkit-background-size:cover;-moz-background-size:cover;-o-background-size:cover;background-size:cover;padding: 0px 0px 0px 0px;\"><div class=\"fusion-text fusion-text-1\"><p><strong><img decoding=\"async\" class=\"lazyload alignright wp-image-35 size-full\" src=\"https:\/\/plantacjatruskawek.com.pl\/wp-content\/uploads\/2022\/10\/start-image_03.jpg\" data-orig-src=\"https:\/\/plantacjatruskawek.com.pl\/wp-content\/uploads\/2022\/10\/start-image_03.jpg\" alt=\"Plantacja Truskawek\" width=\"464\" height=\"464\" srcset=\"data:image\/svg+xml,%3Csvg%20xmlns%3D%27http%3A%2F%2Fwww.w3.org%2F2000%2Fsvg%27%20width%3D%27464%27%20height%3D%27464%27%20viewBox%3D%270%200%20464%20464%27%3E%3Crect%20width%3D%27464%27%20height%3D%27464%27%20fill-opacity%3D%220%22%2F%3E%3C%2Fsvg%3E\" data-srcset=\"https:\/\/plantacjatruskawek.com.pl\/wp-content\/uploads\/2022\/10\/start-image_03-66x66.jpg 66w, https:\/\/plantacjatruskawek.com.pl\/wp-content\/uploads\/2022\/10\/start-image_03-150x150.jpg 150w, https:\/\/plantacjatruskawek.com.pl\/wp-content\/uploads\/2022\/10\/start-image_03-200x200.jpg 200w, https:\/\/plantacjatruskawek.com.pl\/wp-content\/uploads\/2022\/10\/start-image_03-300x300.jpg 300w, https:\/\/plantacjatruskawek.com.pl\/wp-content\/uploads\/2022\/10\/start-image_03-400x400.jpg 400w, https:\/\/plantacjatruskawek.com.pl\/wp-content\/uploads\/2022\/10\/start-image_03.jpg 464w\" data-sizes=\"auto\" data-orig-sizes=\"(max-width: 464px) 100vw, 464px\" \/><\/strong><\/p>\n<p>Wir bauen die remontierenden SortenSAN ANDREAS und HARMONYan &#8211; Desserterdbeeren, bei welchen das Fruchtfleisch eine feste Konsistenz hat. Die Erdbeeren sind formsch\u00f6n, haben einen guten s\u00fc\u00dfen Geschmack und intensives Aroma. Gut gef\u00e4rbte und gro\u00dfe Fr\u00fcchte &#8211; erh\u00e4ltlich von Juni bis November.<\/p>\n<p><strong>Unsere Erdbeeren werden kalibriert und ihr Reifegrad entspricht den Anforderungen jedes Kunden.<\/strong><\/p>\n<p>Unseren Kunden stellen wir Fr\u00fcchte der Klasse I und II \u2013 f\u00fcr weitere Verarbeitung &#8211; zur Verf\u00fcgung. Um mehr Details zu erfahren, kontaktieren Sie uns bitte telefonisch.<\/p>\n<p><strong>In der Saison 2023 wird die Sorte HARMONY erh\u00e4ltlich sein.<\/strong><\/p>\n<\/div><\/div><style type=\"text\/css\">.fusion-body .fusion-builder-column-0{width:100% !important;margin-top : 0px;margin-bottom : 0px;}.fusion-builder-column-0 > .fusion-column-wrapper {padding-top : 0px !important;padding-right : 0px !important;margin-right : 1.92%;padding-bottom : 0px !important;padding-left : 0px !important;margin-left : 1.92%;}@media only screen and (max-width:1024px) {.fusion-body .fusion-builder-column-0{width:100% !important;}.fusion-builder-column-0 > .fusion-column-wrapper {margin-right : 1.92%;margin-left : 1.92%;}}@media only screen and (max-width:640px) {.fusion-body .fusion-builder-column-0{width:100% !important;}.fusion-builder-column-0 > .fusion-column-wrapper {margin-right : 1.92%;margin-left : 1.92%;}}<\/style><\/div><\/div><style type=\"text\/css\">.fusion-body .fusion-flex-container.fusion-builder-row-1{ padding-top : 0px;margin-top : 0px;padding-right : 0px;padding-bottom : 0px;margin-bottom : 0px;padding-left : 0px;}<\/style><\/div>\n","protected":false},"excerpt":{"rendered":"","protected":false},"author":1,"featured_media":0,"parent":0,"menu_order":0,"comment_status":"closed","ping_status":"closed","template":"100-width.php","meta":{"footnotes":""},"class_list":["post-318","page","type-page","status-publish","hentry"],"yoast_head":"<!-- This site is optimized with the Yoast SEO plugin v27.3 - https:\/\/yoast.com\/product\/yoast-seo-wordpress\/ -->\n<title>Produkte - Plantacja Truskawek<\/title>\n<meta name=\"robots\" content=\"index, follow, max-snippet:-1, max-image-preview:large, max-video-preview:-1\" \/>\n<link rel=\"canonical\" href=\"https:\/\/plantacjatruskawek.com.pl\/de\/produkte\/\" \/>\n<meta property=\"og:locale\" content=\"de_DE\" \/>\n<meta property=\"og:type\" content=\"article\" \/>\n<meta property=\"og:title\" content=\"Produkte - Plantacja Truskawek\" \/>\n<meta property=\"og:url\" content=\"https:\/\/plantacjatruskawek.com.pl\/de\/produkte\/\" \/>\n<meta property=\"og:site_name\" content=\"Plantacja Truskawek\" \/>\n<meta property=\"article:publisher\" content=\"https:\/\/www.facebook.com\/truskawkizator\" \/>\n<meta property=\"article:modified_time\" content=\"2022-11-22T22:39:57+00:00\" \/>\n<meta property=\"og:image\" content=\"https:\/\/plantacjatruskawek.com.pl\/wp-content\/uploads\/2022\/10\/start-image_03.jpg\" \/>\n<meta name=\"twitter:card\" content=\"summary_large_image\" \/>\n<meta name=\"twitter:label1\" content=\"Gesch\u00e4tzte Lesezeit\" \/>\n\t<meta name=\"twitter:data1\" content=\"2\u00a0Minuten\" \/>\n<script type=\"application\/ld+json\" class=\"yoast-schema-graph\">{\"@context\":\"https:\\\/\\\/schema.org\",\"@graph\":[{\"@type\":\"WebPage\",\"@id\":\"https:\\\/\\\/plantacjatruskawek.com.pl\\\/de\\\/produkte\\\/\",\"url\":\"https:\\\/\\\/plantacjatruskawek.com.pl\\\/de\\\/produkte\\\/\",\"name\":\"Produkte - Plantacja Truskawek\",\"isPartOf\":{\"@id\":\"https:\\\/\\\/plantacjatruskawek.com.pl\\\/#website\"},\"primaryImageOfPage\":{\"@id\":\"https:\\\/\\\/plantacjatruskawek.com.pl\\\/de\\\/produkte\\\/#primaryimage\"},\"image\":{\"@id\":\"https:\\\/\\\/plantacjatruskawek.com.pl\\\/de\\\/produkte\\\/#primaryimage\"},\"thumbnailUrl\":\"https:\\\/\\\/plantacjatruskawek.com.pl\\\/wp-content\\\/uploads\\\/2022\\\/10\\\/start-image_03.jpg\",\"datePublished\":\"2022-10-14T18:53:57+00:00\",\"dateModified\":\"2022-11-22T22:39:57+00:00\",\"breadcrumb\":{\"@id\":\"https:\\\/\\\/plantacjatruskawek.com.pl\\\/de\\\/produkte\\\/#breadcrumb\"},\"inLanguage\":\"de\",\"potentialAction\":[{\"@type\":\"ReadAction\",\"target\":[\"https:\\\/\\\/plantacjatruskawek.com.pl\\\/de\\\/produkte\\\/\"]}]},{\"@type\":\"ImageObject\",\"inLanguage\":\"de\",\"@id\":\"https:\\\/\\\/plantacjatruskawek.com.pl\\\/de\\\/produkte\\\/#primaryimage\",\"url\":\"https:\\\/\\\/plantacjatruskawek.com.pl\\\/wp-content\\\/uploads\\\/2022\\\/10\\\/start-image_03.jpg\",\"contentUrl\":\"https:\\\/\\\/plantacjatruskawek.com.pl\\\/wp-content\\\/uploads\\\/2022\\\/10\\\/start-image_03.jpg\"},{\"@type\":\"BreadcrumbList\",\"@id\":\"https:\\\/\\\/plantacjatruskawek.com.pl\\\/de\\\/produkte\\\/#breadcrumb\",\"itemListElement\":[{\"@type\":\"ListItem\",\"position\":1,\"name\":\"Strona g\u0142\u00f3wna\",\"item\":\"https:\\\/\\\/plantacjatruskawek.com.pl\\\/de\\\/\"},{\"@type\":\"ListItem\",\"position\":2,\"name\":\"Produkte\"}]},{\"@type\":\"WebSite\",\"@id\":\"https:\\\/\\\/plantacjatruskawek.com.pl\\\/#website\",\"url\":\"https:\\\/\\\/plantacjatruskawek.com.pl\\\/\",\"name\":\"Plantacja Truskawek\",\"description\":\"\",\"publisher\":{\"@id\":\"https:\\\/\\\/plantacjatruskawek.com.pl\\\/#organization\"},\"potentialAction\":[{\"@type\":\"SearchAction\",\"target\":{\"@type\":\"EntryPoint\",\"urlTemplate\":\"https:\\\/\\\/plantacjatruskawek.com.pl\\\/?s={search_term_string}\"},\"query-input\":{\"@type\":\"PropertyValueSpecification\",\"valueRequired\":true,\"valueName\":\"search_term_string\"}}],\"inLanguage\":\"de\"},{\"@type\":\"Organization\",\"@id\":\"https:\\\/\\\/plantacjatruskawek.com.pl\\\/#organization\",\"name\":\"Plantacja Truskawek\",\"url\":\"https:\\\/\\\/plantacjatruskawek.com.pl\\\/\",\"logo\":{\"@type\":\"ImageObject\",\"inLanguage\":\"de\",\"@id\":\"https:\\\/\\\/plantacjatruskawek.com.pl\\\/#\\\/schema\\\/logo\\\/image\\\/\",\"url\":\"https:\\\/\\\/plantacjatruskawek.com.pl\\\/wp-content\\\/uploads\\\/2022\\\/10\\\/PLANTACJA-TRUSKAWEK-favicon.png\",\"contentUrl\":\"https:\\\/\\\/plantacjatruskawek.com.pl\\\/wp-content\\\/uploads\\\/2022\\\/10\\\/PLANTACJA-TRUSKAWEK-favicon.png\",\"width\":144,\"height\":144,\"caption\":\"Plantacja Truskawek\"},\"image\":{\"@id\":\"https:\\\/\\\/plantacjatruskawek.com.pl\\\/#\\\/schema\\\/logo\\\/image\\\/\"},\"sameAs\":[\"https:\\\/\\\/www.facebook.com\\\/truskawkizator\",\"https:\\\/\\\/www.instagram.com\\\/truskawkizator\\\/\"]}]}<\/script>\n<!-- \/ Yoast SEO plugin. -->","yoast_head_json":{"title":"Produkte - Plantacja Truskawek","robots":{"index":"index","follow":"follow","max-snippet":"max-snippet:-1","max-image-preview":"max-image-preview:large","max-video-preview":"max-video-preview:-1"},"canonical":"https:\/\/plantacjatruskawek.com.pl\/de\/produkte\/","og_locale":"de_DE","og_type":"article","og_title":"Produkte - Plantacja Truskawek","og_url":"https:\/\/plantacjatruskawek.com.pl\/de\/produkte\/","og_site_name":"Plantacja Truskawek","article_publisher":"https:\/\/www.facebook.com\/truskawkizator","article_modified_time":"2022-11-22T22:39:57+00:00","og_image":[{"url":"https:\/\/plantacjatruskawek.com.pl\/wp-content\/uploads\/2022\/10\/start-image_03.jpg","type":"","width":"","height":""}],"twitter_card":"summary_large_image","twitter_misc":{"Gesch\u00e4tzte Lesezeit":"2\u00a0Minuten"},"schema":{"@context":"https:\/\/schema.org","@graph":[{"@type":"WebPage","@id":"https:\/\/plantacjatruskawek.com.pl\/de\/produkte\/","url":"https:\/\/plantacjatruskawek.com.pl\/de\/produkte\/","name":"Produkte - Plantacja Truskawek","isPartOf":{"@id":"https:\/\/plantacjatruskawek.com.pl\/#website"},"primaryImageOfPage":{"@id":"https:\/\/plantacjatruskawek.com.pl\/de\/produkte\/#primaryimage"},"image":{"@id":"https:\/\/plantacjatruskawek.com.pl\/de\/produkte\/#primaryimage"},"thumbnailUrl":"https:\/\/plantacjatruskawek.com.pl\/wp-content\/uploads\/2022\/10\/start-image_03.jpg","datePublished":"2022-10-14T18:53:57+00:00","dateModified":"2022-11-22T22:39:57+00:00","breadcrumb":{"@id":"https:\/\/plantacjatruskawek.com.pl\/de\/produkte\/#breadcrumb"},"inLanguage":"de","potentialAction":[{"@type":"ReadAction","target":["https:\/\/plantacjatruskawek.com.pl\/de\/produkte\/"]}]},{"@type":"ImageObject","inLanguage":"de","@id":"https:\/\/plantacjatruskawek.com.pl\/de\/produkte\/#primaryimage","url":"https:\/\/plantacjatruskawek.com.pl\/wp-content\/uploads\/2022\/10\/start-image_03.jpg","contentUrl":"https:\/\/plantacjatruskawek.com.pl\/wp-content\/uploads\/2022\/10\/start-image_03.jpg"},{"@type":"BreadcrumbList","@id":"https:\/\/plantacjatruskawek.com.pl\/de\/produkte\/#breadcrumb","itemListElement":[{"@type":"ListItem","position":1,"name":"Strona g\u0142\u00f3wna","item":"https:\/\/plantacjatruskawek.com.pl\/de\/"},{"@type":"ListItem","position":2,"name":"Produkte"}]},{"@type":"WebSite","@id":"https:\/\/plantacjatruskawek.com.pl\/#website","url":"https:\/\/plantacjatruskawek.com.pl\/","name":"Plantacja Truskawek","description":"","publisher":{"@id":"https:\/\/plantacjatruskawek.com.pl\/#organization"},"potentialAction":[{"@type":"SearchAction","target":{"@type":"EntryPoint","urlTemplate":"https:\/\/plantacjatruskawek.com.pl\/?s={search_term_string}"},"query-input":{"@type":"PropertyValueSpecification","valueRequired":true,"valueName":"search_term_string"}}],"inLanguage":"de"},{"@type":"Organization","@id":"https:\/\/plantacjatruskawek.com.pl\/#organization","name":"Plantacja Truskawek","url":"https:\/\/plantacjatruskawek.com.pl\/","logo":{"@type":"ImageObject","inLanguage":"de","@id":"https:\/\/plantacjatruskawek.com.pl\/#\/schema\/logo\/image\/","url":"https:\/\/plantacjatruskawek.com.pl\/wp-content\/uploads\/2022\/10\/PLANTACJA-TRUSKAWEK-favicon.png","contentUrl":"https:\/\/plantacjatruskawek.com.pl\/wp-content\/uploads\/2022\/10\/PLANTACJA-TRUSKAWEK-favicon.png","width":144,"height":144,"caption":"Plantacja Truskawek"},"image":{"@id":"https:\/\/plantacjatruskawek.com.pl\/#\/schema\/logo\/image\/"},"sameAs":["https:\/\/www.facebook.com\/truskawkizator","https:\/\/www.instagram.com\/truskawkizator\/"]}]}},"_links":{"self":[{"href":"https:\/\/plantacjatruskawek.com.pl\/de\/wp-json\/wp\/v2\/pages\/318","targetHints":{"allow":["GET"]}}],"collection":[{"href":"https:\/\/plantacjatruskawek.com.pl\/de\/wp-json\/wp\/v2\/pages"}],"about":[{"href":"https:\/\/plantacjatruskawek.com.pl\/de\/wp-json\/wp\/v2\/types\/page"}],"author":[{"embeddable":true,"href":"https:\/\/plantacjatruskawek.com.pl\/de\/wp-json\/wp\/v2\/users\/1"}],"replies":[{"embeddable":true,"href":"https:\/\/plantacjatruskawek.com.pl\/de\/wp-json\/wp\/v2\/comments?post=318"}],"version-history":[{"count":1,"href":"https:\/\/plantacjatruskawek.com.pl\/de\/wp-json\/wp\/v2\/pages\/318\/revisions"}],"predecessor-version":[{"id":319,"href":"https:\/\/plantacjatruskawek.com.pl\/de\/wp-json\/wp\/v2\/pages\/318\/revisions\/319"}],"wp:attachment":[{"href":"https:\/\/plantacjatruskawek.com.pl\/de\/wp-json\/wp\/v2\/media?parent=318"}],"curies":[{"name":"wp","href":"https:\/\/api.w.org\/{rel}","templated":true}]}}