{"id":320,"date":"2022-10-14T20:54:28","date_gmt":"2022-10-14T18:54:28","guid":{"rendered":"https:\/\/plantacjatruskawek.com.pl\/sprzedaz-detaliczna\/"},"modified":"2022-11-22T23:40:41","modified_gmt":"2022-11-22T22:40:41","slug":"einzelhandel","status":"publish","type":"page","link":"https:\/\/plantacjatruskawek.com.pl\/de\/einzelhandel\/","title":{"rendered":"Einzelhandel"},"content":{"rendered":"<div class=\"fusion-fullwidth fullwidth-box fusion-builder-row-1 fusion-flex-container nonhundred-percent-fullwidth non-hundred-percent-height-scrolling\" style=\"background-color: rgba(255,255,255,0);background-position: center center;background-repeat: no-repeat;border-width: 0px 0px 0px 0px;border-color:var(--awb-color3);border-style:solid;\" ><div class=\"fusion-builder-row fusion-row fusion-flex-align-items-flex-start\" style=\"max-width:1248px;margin-left: calc(-4% \/ 2 );margin-right: calc(-4% \/ 2 );\"><div class=\"fusion-layout-column fusion_builder_column fusion-builder-column-0 fusion_builder_column_1_1 1_1 fusion-flex-column\"><div class=\"fusion-column-wrapper fusion-flex-justify-content-flex-start fusion-content-layout-column\" style=\"background-position:left top;background-repeat:no-repeat;-webkit-background-size:cover;-moz-background-size:cover;-o-background-size:cover;background-size:cover;padding: 0px 0px 0px 0px;\"><div class=\"fusion-text fusion-text-1\"><p><strong><img decoding=\"async\" class=\"lazyload alignright wp-image-86 \" src=\"data:image\/svg+xml,%3Csvg%20xmlns%3D%27http%3A%2F%2Fwww.w3.org%2F2000%2Fsvg%27%20width%3D%27500%27%20height%3D%27347%27%20viewBox%3D%270%200%20500%20347%27%3E%3Crect%20width%3D%27500%27%20height%3D%27347%27%20fill-opacity%3D%220%22%2F%3E%3C%2Fsvg%3E\" data-orig-src=\"https:\/\/plantacjatruskawek.com.pl\/wp-content\/uploads\/2022\/10\/TRUSKAWKI-35-600x400.jpg\" alt=\"\" width=\"500\" height=\"347\" \/><\/strong><\/p>\n<p>Einzelhandelskunden laden wir herzlich zu unserem &#8222;Erdbeer Stand&#8220;ein, der sich am Eingang der Plantage befindet. In der Saison verkaufen wir hier frische, schmackhafte und duftende Desserterdbeeren &#8211; direkt aus der Ernte! Wir m\u00f6chten betonen, dass wir vor allem biologische Methoden der Sch\u00e4dlingsbek\u00e4mpfung anwenden. Chemische Behandlungen werden somit eingeschr\u00e4nkt und die Schonfristen dabei eingehalten, damit unsere Fr\u00fcchte sofort verzehrfertig sind!<\/p>\n<p>F\u00fcr unsere Kunden, die Erdbeeren f\u00fcr Wein ben\u00f6tigen oder auf eigene Art und Weise verarbeiten m\u00f6chten, stellen wir t\u00e4glich Fr\u00fcchte der Klasse II zur Verf\u00fcgung \u2013 zu einem g\u00fcnstigeren Preis.<\/p>\n<\/div><\/div><style type=\"text\/css\">.fusion-body .fusion-builder-column-0{width:100% !important;margin-top : 0px;margin-bottom : 0px;}.fusion-builder-column-0 > .fusion-column-wrapper {padding-top : 0px !important;padding-right : 0px !important;margin-right : 1.92%;padding-bottom : 0px !important;padding-left : 0px !important;margin-left : 1.92%;}@media only screen and (max-width:1024px) {.fusion-body .fusion-builder-column-0{width:100% !important;}.fusion-builder-column-0 > .fusion-column-wrapper {margin-right : 1.92%;margin-left : 1.92%;}}@media only screen and (max-width:640px) {.fusion-body .fusion-builder-column-0{width:100% !important;}.fusion-builder-column-0 > .fusion-column-wrapper {margin-right : 1.92%;margin-left : 1.92%;}}<\/style><\/div><\/div><style type=\"text\/css\">.fusion-body .fusion-flex-container.fusion-builder-row-1{ padding-top : 0px;margin-top : 0px;padding-right : 0px;padding-bottom : 0px;margin-bottom : 0px;padding-left : 0px;}<\/style><\/div>\n","protected":false},"excerpt":{"rendered":"","protected":false},"author":1,"featured_media":0,"parent":0,"menu_order":0,"comment_status":"closed","ping_status":"closed","template":"100-width.php","meta":{"footnotes":""},"class_list":["post-320","page","type-page","status-publish","hentry"],"yoast_head":"<!-- This site is optimized with the Yoast SEO plugin v27.3 - https:\/\/yoast.com\/product\/yoast-seo-wordpress\/ -->\n<title>Einzelhandel - Plantacja Truskawek<\/title>\n<meta name=\"robots\" content=\"index, follow, max-snippet:-1, max-image-preview:large, max-video-preview:-1\" \/>\n<link rel=\"canonical\" href=\"https:\/\/plantacjatruskawek.com.pl\/de\/einzelhandel\/\" \/>\n<meta property=\"og:locale\" content=\"de_DE\" \/>\n<meta property=\"og:type\" content=\"article\" \/>\n<meta property=\"og:title\" content=\"Einzelhandel - Plantacja Truskawek\" \/>\n<meta property=\"og:url\" content=\"https:\/\/plantacjatruskawek.com.pl\/de\/einzelhandel\/\" \/>\n<meta property=\"og:site_name\" content=\"Plantacja Truskawek\" \/>\n<meta property=\"article:publisher\" content=\"https:\/\/www.facebook.com\/truskawkizator\" \/>\n<meta property=\"article:modified_time\" content=\"2022-11-22T22:40:41+00:00\" \/>\n<meta property=\"og:image\" content=\"https:\/\/plantacjatruskawek.com.pl\/wp-content\/uploads\/2022\/10\/TRUSKAWKI-35-600x400.jpg\" \/>\n<meta name=\"twitter:card\" content=\"summary_large_image\" \/>\n<meta name=\"twitter:label1\" content=\"Gesch\u00e4tzte Lesezeit\" \/>\n\t<meta name=\"twitter:data1\" content=\"2\u00a0Minuten\" \/>\n<script type=\"application\/ld+json\" class=\"yoast-schema-graph\">{\"@context\":\"https:\\\/\\\/schema.org\",\"@graph\":[{\"@type\":\"WebPage\",\"@id\":\"https:\\\/\\\/plantacjatruskawek.com.pl\\\/de\\\/einzelhandel\\\/\",\"url\":\"https:\\\/\\\/plantacjatruskawek.com.pl\\\/de\\\/einzelhandel\\\/\",\"name\":\"Einzelhandel - Plantacja Truskawek\",\"isPartOf\":{\"@id\":\"https:\\\/\\\/plantacjatruskawek.com.pl\\\/#website\"},\"primaryImageOfPage\":{\"@id\":\"https:\\\/\\\/plantacjatruskawek.com.pl\\\/de\\\/einzelhandel\\\/#primaryimage\"},\"image\":{\"@id\":\"https:\\\/\\\/plantacjatruskawek.com.pl\\\/de\\\/einzelhandel\\\/#primaryimage\"},\"thumbnailUrl\":\"https:\\\/\\\/plantacjatruskawek.com.pl\\\/wp-content\\\/uploads\\\/2022\\\/10\\\/TRUSKAWKI-35-600x400.jpg\",\"datePublished\":\"2022-10-14T18:54:28+00:00\",\"dateModified\":\"2022-11-22T22:40:41+00:00\",\"breadcrumb\":{\"@id\":\"https:\\\/\\\/plantacjatruskawek.com.pl\\\/de\\\/einzelhandel\\\/#breadcrumb\"},\"inLanguage\":\"de\",\"potentialAction\":[{\"@type\":\"ReadAction\",\"target\":[\"https:\\\/\\\/plantacjatruskawek.com.pl\\\/de\\\/einzelhandel\\\/\"]}]},{\"@type\":\"ImageObject\",\"inLanguage\":\"de\",\"@id\":\"https:\\\/\\\/plantacjatruskawek.com.pl\\\/de\\\/einzelhandel\\\/#primaryimage\",\"url\":\"https:\\\/\\\/plantacjatruskawek.com.pl\\\/wp-content\\\/uploads\\\/2022\\\/10\\\/TRUSKAWKI-35-600x400.jpg\",\"contentUrl\":\"https:\\\/\\\/plantacjatruskawek.com.pl\\\/wp-content\\\/uploads\\\/2022\\\/10\\\/TRUSKAWKI-35-600x400.jpg\"},{\"@type\":\"BreadcrumbList\",\"@id\":\"https:\\\/\\\/plantacjatruskawek.com.pl\\\/de\\\/einzelhandel\\\/#breadcrumb\",\"itemListElement\":[{\"@type\":\"ListItem\",\"position\":1,\"name\":\"Strona g\u0142\u00f3wna\",\"item\":\"https:\\\/\\\/plantacjatruskawek.com.pl\\\/de\\\/\"},{\"@type\":\"ListItem\",\"position\":2,\"name\":\"Einzelhandel\"}]},{\"@type\":\"WebSite\",\"@id\":\"https:\\\/\\\/plantacjatruskawek.com.pl\\\/#website\",\"url\":\"https:\\\/\\\/plantacjatruskawek.com.pl\\\/\",\"name\":\"Plantacja Truskawek\",\"description\":\"\",\"publisher\":{\"@id\":\"https:\\\/\\\/plantacjatruskawek.com.pl\\\/#organization\"},\"potentialAction\":[{\"@type\":\"SearchAction\",\"target\":{\"@type\":\"EntryPoint\",\"urlTemplate\":\"https:\\\/\\\/plantacjatruskawek.com.pl\\\/?s={search_term_string}\"},\"query-input\":{\"@type\":\"PropertyValueSpecification\",\"valueRequired\":true,\"valueName\":\"search_term_string\"}}],\"inLanguage\":\"de\"},{\"@type\":\"Organization\",\"@id\":\"https:\\\/\\\/plantacjatruskawek.com.pl\\\/#organization\",\"name\":\"Plantacja Truskawek\",\"url\":\"https:\\\/\\\/plantacjatruskawek.com.pl\\\/\",\"logo\":{\"@type\":\"ImageObject\",\"inLanguage\":\"de\",\"@id\":\"https:\\\/\\\/plantacjatruskawek.com.pl\\\/#\\\/schema\\\/logo\\\/image\\\/\",\"url\":\"https:\\\/\\\/plantacjatruskawek.com.pl\\\/wp-content\\\/uploads\\\/2022\\\/10\\\/PLANTACJA-TRUSKAWEK-favicon.png\",\"contentUrl\":\"https:\\\/\\\/plantacjatruskawek.com.pl\\\/wp-content\\\/uploads\\\/2022\\\/10\\\/PLANTACJA-TRUSKAWEK-favicon.png\",\"width\":144,\"height\":144,\"caption\":\"Plantacja Truskawek\"},\"image\":{\"@id\":\"https:\\\/\\\/plantacjatruskawek.com.pl\\\/#\\\/schema\\\/logo\\\/image\\\/\"},\"sameAs\":[\"https:\\\/\\\/www.facebook.com\\\/truskawkizator\",\"https:\\\/\\\/www.instagram.com\\\/truskawkizator\\\/\"]}]}<\/script>\n<!-- \/ Yoast SEO plugin. -->","yoast_head_json":{"title":"Einzelhandel - Plantacja Truskawek","robots":{"index":"index","follow":"follow","max-snippet":"max-snippet:-1","max-image-preview":"max-image-preview:large","max-video-preview":"max-video-preview:-1"},"canonical":"https:\/\/plantacjatruskawek.com.pl\/de\/einzelhandel\/","og_locale":"de_DE","og_type":"article","og_title":"Einzelhandel - Plantacja Truskawek","og_url":"https:\/\/plantacjatruskawek.com.pl\/de\/einzelhandel\/","og_site_name":"Plantacja Truskawek","article_publisher":"https:\/\/www.facebook.com\/truskawkizator","article_modified_time":"2022-11-22T22:40:41+00:00","og_image":[{"url":"https:\/\/plantacjatruskawek.com.pl\/wp-content\/uploads\/2022\/10\/TRUSKAWKI-35-600x400.jpg","type":"","width":"","height":""}],"twitter_card":"summary_large_image","twitter_misc":{"Gesch\u00e4tzte Lesezeit":"2\u00a0Minuten"},"schema":{"@context":"https:\/\/schema.org","@graph":[{"@type":"WebPage","@id":"https:\/\/plantacjatruskawek.com.pl\/de\/einzelhandel\/","url":"https:\/\/plantacjatruskawek.com.pl\/de\/einzelhandel\/","name":"Einzelhandel - Plantacja Truskawek","isPartOf":{"@id":"https:\/\/plantacjatruskawek.com.pl\/#website"},"primaryImageOfPage":{"@id":"https:\/\/plantacjatruskawek.com.pl\/de\/einzelhandel\/#primaryimage"},"image":{"@id":"https:\/\/plantacjatruskawek.com.pl\/de\/einzelhandel\/#primaryimage"},"thumbnailUrl":"https:\/\/plantacjatruskawek.com.pl\/wp-content\/uploads\/2022\/10\/TRUSKAWKI-35-600x400.jpg","datePublished":"2022-10-14T18:54:28+00:00","dateModified":"2022-11-22T22:40:41+00:00","breadcrumb":{"@id":"https:\/\/plantacjatruskawek.com.pl\/de\/einzelhandel\/#breadcrumb"},"inLanguage":"de","potentialAction":[{"@type":"ReadAction","target":["https:\/\/plantacjatruskawek.com.pl\/de\/einzelhandel\/"]}]},{"@type":"ImageObject","inLanguage":"de","@id":"https:\/\/plantacjatruskawek.com.pl\/de\/einzelhandel\/#primaryimage","url":"https:\/\/plantacjatruskawek.com.pl\/wp-content\/uploads\/2022\/10\/TRUSKAWKI-35-600x400.jpg","contentUrl":"https:\/\/plantacjatruskawek.com.pl\/wp-content\/uploads\/2022\/10\/TRUSKAWKI-35-600x400.jpg"},{"@type":"BreadcrumbList","@id":"https:\/\/plantacjatruskawek.com.pl\/de\/einzelhandel\/#breadcrumb","itemListElement":[{"@type":"ListItem","position":1,"name":"Strona g\u0142\u00f3wna","item":"https:\/\/plantacjatruskawek.com.pl\/de\/"},{"@type":"ListItem","position":2,"name":"Einzelhandel"}]},{"@type":"WebSite","@id":"https:\/\/plantacjatruskawek.com.pl\/#website","url":"https:\/\/plantacjatruskawek.com.pl\/","name":"Plantacja Truskawek","description":"","publisher":{"@id":"https:\/\/plantacjatruskawek.com.pl\/#organization"},"potentialAction":[{"@type":"SearchAction","target":{"@type":"EntryPoint","urlTemplate":"https:\/\/plantacjatruskawek.com.pl\/?s={search_term_string}"},"query-input":{"@type":"PropertyValueSpecification","valueRequired":true,"valueName":"search_term_string"}}],"inLanguage":"de"},{"@type":"Organization","@id":"https:\/\/plantacjatruskawek.com.pl\/#organization","name":"Plantacja Truskawek","url":"https:\/\/plantacjatruskawek.com.pl\/","logo":{"@type":"ImageObject","inLanguage":"de","@id":"https:\/\/plantacjatruskawek.com.pl\/#\/schema\/logo\/image\/","url":"https:\/\/plantacjatruskawek.com.pl\/wp-content\/uploads\/2022\/10\/PLANTACJA-TRUSKAWEK-favicon.png","contentUrl":"https:\/\/plantacjatruskawek.com.pl\/wp-content\/uploads\/2022\/10\/PLANTACJA-TRUSKAWEK-favicon.png","width":144,"height":144,"caption":"Plantacja Truskawek"},"image":{"@id":"https:\/\/plantacjatruskawek.com.pl\/#\/schema\/logo\/image\/"},"sameAs":["https:\/\/www.facebook.com\/truskawkizator","https:\/\/www.instagram.com\/truskawkizator\/"]}]}},"_links":{"self":[{"href":"https:\/\/plantacjatruskawek.com.pl\/de\/wp-json\/wp\/v2\/pages\/320","targetHints":{"allow":["GET"]}}],"collection":[{"href":"https:\/\/plantacjatruskawek.com.pl\/de\/wp-json\/wp\/v2\/pages"}],"about":[{"href":"https:\/\/plantacjatruskawek.com.pl\/de\/wp-json\/wp\/v2\/types\/page"}],"author":[{"embeddable":true,"href":"https:\/\/plantacjatruskawek.com.pl\/de\/wp-json\/wp\/v2\/users\/1"}],"replies":[{"embeddable":true,"href":"https:\/\/plantacjatruskawek.com.pl\/de\/wp-json\/wp\/v2\/comments?post=320"}],"version-history":[{"count":1,"href":"https:\/\/plantacjatruskawek.com.pl\/de\/wp-json\/wp\/v2\/pages\/320\/revisions"}],"predecessor-version":[{"id":321,"href":"https:\/\/plantacjatruskawek.com.pl\/de\/wp-json\/wp\/v2\/pages\/320\/revisions\/321"}],"wp:attachment":[{"href":"https:\/\/plantacjatruskawek.com.pl\/de\/wp-json\/wp\/v2\/media?parent=320"}],"curies":[{"name":"wp","href":"https:\/\/api.w.org\/{rel}","templated":true}]}}